{"id":4428,"date":"2020-04-22T18:26:26","date_gmt":"2020-04-22T18:26:26","guid":{"rendered":"https:\/\/ibecbarcelona.org\/superamigos\/"},"modified":"2025-04-15T17:21:57","modified_gmt":"2025-04-15T17:21:57","slug":"superamics","status":"publish","type":"page","link":"https:\/\/ibecbarcelona.org\/ca\/superamics\/","title":{"rendered":"SUPERAMICS\/GUES"},"content":{"rendered":"<p><div class=\"fusion-fullwidth fullwidth-box fusion-builder-row-1 fusion-flex-container has-pattern-background has-mask-background nonhundred-percent-fullwidth non-hundred-percent-height-scrolling\" style=\"--awb-border-radius-top-left:0px;--awb-border-radius-top-right:0px;--awb-border-radius-bottom-right:0px;--awb-border-radius-bottom-left:0px;--awb-padding-top:60px;--awb-padding-right:0px;--awb-padding-bottom:80px;--awb-padding-left:0px;--awb-margin-top:0px;--awb-margin-bottom:0px;--awb-background-color:rgba(96,125,139,0.34);--awb-flex-wrap:wrap;\" ><div class=\"fusion-builder-row fusion-row fusion-flex-align-items-flex-start fusion-flex-content-wrap\" style=\"max-width:1144px;margin-left: calc(-4% \/ 2 );margin-right: calc(-4% \/ 2 );\"><div class=\"fusion-layout-column fusion_builder_column fusion-builder-column-0 fusion_builder_column_1_1 1_1 fusion-flex-column\" style=\"--awb-bg-size:cover;--awb-width-large:100%;--awb-margin-top-large:0px;--awb-spacing-right-large:1.92%;--awb-margin-bottom-large:5PX;--awb-spacing-left-large:1.92%;--awb-width-medium:100%;--awb-order-medium:0;--awb-spacing-right-medium:1.92%;--awb-spacing-left-medium:1.92%;--awb-width-small:100%;--awb-order-small:0;--awb-spacing-right-small:1.92%;--awb-spacing-left-small:1.92%;\"><div class=\"fusion-column-wrapper fusion-column-has-shadow fusion-flex-justify-content-flex-start fusion-content-layout-column\"><div class=\"fusion-text fusion-text-1 fusion-animated\" data-animationType=\"bounceInLeft\" data-animationDuration=\"1.3\" data-animationOffset=\"top-into-view\"><h1 style=\"text-align: center;\">FES-TE&#8217;N SUPERAMIC\/GA DE L&#8217;IBEC<\/h1>\n<\/div><div class=\"fusion-text fusion-text-2\"><h2 style=\"text-align: center;\">Ens uneix la curiositat, l&#8217;enginy i les ganes de trobar solucions als problemes de salut.<\/h2>\n<h4 style=\"text-align: center;\">Els Superamics i Superamigues de l&#8217;IBEC sabem que la ci\u00e8ncia i la Bioenginyeria ens ajuda a lluitar contra les malalties, a tenir millors tractaments i a envellir de manera saludable.<\/h4>\n<\/div><\/div><\/div><\/div><\/div><div class=\"fusion-fullwidth fullwidth-box fusion-builder-row-2 fusion-flex-container nonhundred-percent-fullwidth non-hundred-percent-height-scrolling\" style=\"--awb-border-radius-top-left:0px;--awb-border-radius-top-right:0px;--awb-border-radius-bottom-right:0px;--awb-border-radius-bottom-left:0px;--awb-padding-top:0px;--awb-padding-right:0px;--awb-padding-bottom:25px;--awb-padding-left:0px;--awb-margin-top:0px;--awb-margin-bottom:0px;--awb-background-color:rgba(233,233,233,0.98);--awb-flex-wrap:wrap;\" ><div class=\"fusion-builder-row fusion-row fusion-flex-align-items-flex-start fusion-flex-content-wrap\" style=\"max-width:1144px;margin-left: calc(-4% \/ 2 );margin-right: calc(-4% \/ 2 );\"><div class=\"fusion-layout-column fusion_builder_column fusion-builder-column-1 fusion_builder_column_1_1 1_1 fusion-flex-column\" style=\"--awb-padding-top:30px;--awb-padding-right:10%;--awb-padding-bottom:20px;--awb-padding-left:10%;--awb-bg-size:cover;--awb-width-large:100%;--awb-margin-top-large:0px;--awb-spacing-right-large:1.92%;--awb-margin-bottom-large:20px;--awb-spacing-left-large:1.92%;--awb-width-medium:100%;--awb-spacing-right-medium:1.92%;--awb-spacing-left-medium:1.92%;--awb-width-small:100%;--awb-spacing-right-small:1.92%;--awb-spacing-left-small:1.92%;\"><div class=\"fusion-column-wrapper fusion-flex-justify-content-flex-start fusion-content-layout-column\"><div class=\"fusion-title title fusion-title-1 fusion-sep-none fusion-title-text fusion-title-size-one\" style=\"--awb-margin-top:30px;--awb-margin-right:0px;--awb-margin-bottom:30px;--awb-margin-left:0px;--awb-margin-top-small:10px;--awb-margin-right-small:0px;--awb-margin-bottom-small:10px;--awb-margin-left-small:0px;\"><h1 class=\"fusion-title-heading title-heading-left fusion-responsive-typography-calculated\" style=\"margin:0;--fontSize:34;line-height:1.4;\"><h2 style=\"text-align: center;\">FES-TE\u2019N SUPERAMIC\/GA DE L\u2019IBEC<\/h2><\/h1><\/div><div class=\"fusion-builder-row fusion-builder-row-inner fusion-row fusion-flex-align-items-flex-start fusion-flex-content-wrap\" style=\"--awb-flex-grow:0;--awb-flex-grow-medium:0;--awb-flex-grow-small:0;--awb-flex-shrink:0;--awb-flex-shrink-medium:0;--awb-flex-shrink-small:0;width:104% !important;max-width:104% !important;margin-left: calc(-4% \/ 2 );margin-right: calc(-4% \/ 2 );\"><div class=\"fusion-layout-column fusion_builder_column_inner fusion-builder-nested-column-0 fusion_builder_column_inner_1_2 1_2 fusion-flex-column\" style=\"--awb-padding-right:20px;--awb-padding-left:20px;--awb-bg-size:cover;--awb-width-large:50%;--awb-margin-top-large:0px;--awb-spacing-right-large:3.84%;--awb-margin-bottom-large:20px;--awb-spacing-left-large:10px;--awb-width-medium:50%;--awb-spacing-right-medium:3.84%;--awb-spacing-left-medium:10px;--awb-width-small:100%;--awb-spacing-right-small:1.92%;--awb-spacing-left-small:1.92%;\"><div class=\"fusion-column-wrapper fusion-flex-justify-content-flex-start fusion-content-layout-column\"><div class=\"fusion-text fusion-text-3\"><h3>LES TEVES DADES:<\/h3>\n<\/div><script src=\"https:\/\/www.google.com\/recaptcha\/api.js?render=6Le82BkrAAAAAF1dvbGhPIShy9atCMHlxO1M5JwG\" async defer><\/script>    <form id=\"mc-embedded-form\" method=\"POST\" action=\"\">\n        <div id=\"mc-response-message\" style=\"display:none; margin-top: 15px; font-weight: bold;\"><\/div>\n        <div class=\"row\">\n            <label for=\"mc-name\">First Name<\/label>\n            <input type=\"text\" id=\"mc-name\" name=\"first_name\" required>\n        <\/div>\n        <div class=\"row\">\n            <label for=\"mc-lastname\">Last Name<\/label>\n            <input type=\"text\" id=\"mc-lastname\" name=\"last_name\" required>\n        <\/div>\n        <div class=\"row\">\n            <label for=\"mc-email\">Email<\/label>\n            <input type=\"email\" id=\"mc-email\" name=\"email\" required>\n        <\/div>\n        <div class=\"row\">\n            <label>\n                <input type=\"checkbox\" id=\"mc-terms\" name=\"terms\" required>\n                Accepto rebre comunicacions sobre esdeveniments, novetats, i campanyes que puguin ser del meu inter\u00e8s. He llegit i accepto la <a href=\"https:\/\/ibecbarcelona.eu\/wp-content\/uploads\/2022\/07\/avis_legal_ibec_02_2022.pdf\" target=\"_blank\">Pol\u00edtica de Privacitat.<\/a>            <\/label>\n        <\/div>\n        <input type=\"hidden\" name=\"audience_id\" value=\"e1af18dfb5\">\n        <input type=\"hidden\" name=\"tag\" value=\"SUPERAMICS\">\n        <input type=\"hidden\" name=\"double_optin\" value=\"1\">\n        <input type=\"hidden\" name=\"marketing_permission_id\" value=\"\">\n        <input type=\"hidden\" name=\"lang\" value=\"ca\">\n        <input type=\"hidden\" id=\"mc_nonce_field\" name=\"mc_nonce_field\" value=\"8e10d74aff\" \/><input type=\"hidden\" name=\"_wp_http_referer\" value=\"\/ca\/wp-json\/wp\/v2\/pages\/4428\" \/>        <div class=\"row\">\n            <button class=\"mailchimp-button\" type=\"submit\">Fes-te SUPERAMIC\/GA<\/button>\n        <\/div>\n    <\/form>\n    <script>\n    document.addEventListener(\"DOMContentLoaded\", function () {\n        const form = document.getElementById(\"mc-embedded-form\");\n        const responseMessage = document.getElementById(\"mc-response-message\");\n\n        form.addEventListener(\"submit\", function (e) {\n            e.preventDefault();\n\n                        if (typeof grecaptcha !== 'undefined') {\n                grecaptcha.ready(function() {\n                    grecaptcha.execute('6Le82BkrAAAAAF1dvbGhPIShy9atCMHlxO1M5JwG', {action: 'submit'}).then(function(token) {\n                        submitForm(token);\n                    });\n                });\n            } else {\n                responseMessage.innerText = \"Captcha no cargado correctamente.\";\n                responseMessage.style.color = \"red\";\n                responseMessage.style.display = \"block\";\n            }\n            \n            function submitForm(token = '') {\n                const formData = new FormData(form);\n                formData.append(\"action\", \"mc_subscribe\");\n                if (token) formData.append(\"recaptcha_token\", token);\n\n                fetch(\"https:\/\/ibecbarcelona.org\/wp-admin\/admin-ajax.php\", {\n                    method: \"POST\",\n                    body: formData,\n                    credentials: \"same-origin\",\n                })\n                .then((response) => response.json())\n                .then((data) => {\n                    responseMessage.style.display = \"block\";\n                    if (data.success) {\n                        responseMessage.innerText = \"\u00a1Suscripci\u00f3n exitosa!\";\n                        responseMessage.style.color = \"green\";\n                        form.reset();\n                    } else {\n                        responseMessage.innerText = \"Error: \" + (data.data || \"Int\u00e9ntalo de nuevo.\");\n                        responseMessage.style.color = \"red\";\n                    }\n                })\n                .catch((error) => {\n                    console.error(\"Error:\", error);\n                    responseMessage.innerText = \"Error de red. Int\u00e9ntalo m\u00e1s tarde.\";\n                    responseMessage.style.color = \"red\";\n                    responseMessage.style.display = \"block\";\n                });\n            }\n        });\n    });\n    <\/script>\n    <\/div><\/div><div class=\"fusion-layout-column fusion_builder_column_inner fusion-builder-nested-column-1 fusion_builder_column_inner_1_2 1_2 fusion-flex-column fusion-flex-align-self-flex-start fusion-column-no-min-height\" style=\"--awb-padding-right:20px;--awb-padding-left:20px;--awb-bg-size:cover;--awb-width-large:50%;--awb-margin-top-large:0px;--awb-spacing-right-large:10px;--awb-margin-bottom-large:20px;--awb-spacing-left-large:3.84%;--awb-width-medium:50%;--awb-order-medium:0;--awb-spacing-right-medium:10px;--awb-spacing-left-medium:3.84%;--awb-width-small:100%;--awb-order-small:0;--awb-spacing-right-small:1.92%;--awb-spacing-left-small:1.92%;\"><div class=\"fusion-column-wrapper fusion-column-has-shadow fusion-flex-justify-content-flex-start fusion-content-layout-column\"><div class=\"fusion-text fusion-text-4\"><h3>TINDR\u00c0S MOLTS AVANTATGES!<\/h3>\n<ul>\n<li>Ser\u00e0s el\/la primer\/a a rebre l\u2019\u00faltim n\u00famero del nostre c\u00f2mic sobre IBBI, la superhero\u00efna cient\u00edfica.<\/li>\n<li class=\"fusion-responsive-typography-calculated\" data-fontsize=\"16\" data-lineheight=\"24px\">Podr\u00e0s venir a les visites que organitzem als nostres laboratoris.<\/li>\n<li class=\"fusion-responsive-typography-calculated\" data-fontsize=\"16\" data-lineheight=\"24px\">Tindr\u00e0s inscripci\u00f3 preferent als tallers de ci\u00e8ncia.<\/li>\n<li class=\"fusion-responsive-typography-calculated\" data-fontsize=\"16\" data-lineheight=\"24px\">Estar\u00e0s informat\/a sobre els \u00faltims descobriments i avan\u00e7os en bioenginyeria.<\/li>\n<li class=\"fusion-li-item-content\">Tindr\u00e0s tota la informaci\u00f3 sobre fires, confer\u00e8ncies i esdeveniments de divulgaci\u00f3 cient\u00edfica.<\/li>\n<\/ul>\n<\/div><\/div><\/div><\/div><\/div><\/div><\/div><\/div>\n<div class=\"fusion-fullwidth fullwidth-box fusion-builder-row-3 fusion-flex-container has-pattern-background has-mask-background nonhundred-percent-fullwidth non-hundred-percent-height-scrolling\" style=\"--awb-border-radius-top-left:0px;--awb-border-radius-top-right:0px;--awb-border-radius-bottom-right:0px;--awb-border-radius-bottom-left:0px;--awb-padding-top:60px;--awb-padding-bottom:100px;--awb-background-color:rgba(170,179,0,0.26);--awb-flex-wrap:wrap;\" ><div class=\"fusion-builder-row fusion-row fusion-flex-align-items-flex-start fusion-flex-content-wrap\" style=\"max-width:1144px;margin-left: calc(-4% \/ 2 );margin-right: calc(-4% \/ 2 );\"><div class=\"fusion-layout-column fusion_builder_column fusion-builder-column-2 fusion_builder_column_1_1 1_1 fusion-flex-column\" style=\"--awb-bg-size:cover;--awb-width-large:100%;--awb-margin-top-large:0px;--awb-spacing-right-large:1.92%;--awb-margin-bottom-large:20px;--awb-spacing-left-large:1.92%;--awb-width-medium:100%;--awb-order-medium:0;--awb-spacing-right-medium:1.92%;--awb-spacing-left-medium:1.92%;--awb-width-small:100%;--awb-order-small:0;--awb-spacing-right-small:1.92%;--awb-spacing-left-small:1.92%;\"><div class=\"fusion-column-wrapper fusion-column-has-shadow fusion-flex-justify-content-flex-start fusion-content-layout-column\"><div class=\"fusion-text fusion-text-5\"><h1 style=\"text-align: center;\">SEGUEIX-NOS EN XARXES SOCIALS<\/h1>\n<\/div><div class=\"fusion-social-links fusion-social-links-1\" style=\"--awb-margin-top:0px;--awb-margin-right:0px;--awb-margin-bottom:0px;--awb-margin-left:0px;--awb-alignment:center;--awb-box-border-top:0px;--awb-box-border-right:0px;--awb-box-border-bottom:0px;--awb-box-border-left:0px;--awb-icon-colors-hover:rgba(58,58,58,0.8);--awb-box-colors-hover:rgba(232,232,232,0.8);--awb-box-border-color:var(--awb-color3);--awb-box-border-color-hover:var(--awb-color4);\"><div class=\"fusion-social-networks boxed-icons color-type-custom\"><div class=\"fusion-social-networks-wrapper\"><a class=\"fusion-social-network-icon fusion-tooltip fusion-instagram awb-icon-instagram\" style=\"color:#aab300;font-size:16px;width:16px;background-color:#ffffff;border-color:#ffffff;border-radius:50%;\" data-placement=\"top\" data-title=\"Instagram\" data-toggle=\"tooltip\" title=\"Instagram\" aria-label=\"instagram\" target=\"_blank\" rel=\"noopener noreferrer\" href=\"https:\/\/www.instagram.com\/ibecbarcelona\/\"><\/a><a class=\"fusion-social-network-icon fusion-tooltip fusion-twitter awb-icon-twitter\" style=\"color:#aab300;font-size:16px;width:16px;background-color:#ffffff;border-color:#ffffff;border-radius:50%;\" data-placement=\"top\" data-title=\"X\" data-toggle=\"tooltip\" title=\"X\" aria-label=\"twitter\" target=\"_blank\" rel=\"noopener noreferrer\" href=\"https:\/\/twitter.com\/IBECBarcelona\"><\/a><a class=\"fusion-social-network-icon fusion-tooltip fusion-facebook awb-icon-facebook\" style=\"color:#aab300;font-size:16px;width:16px;background-color:#ffffff;border-color:#ffffff;border-radius:50%;\" data-placement=\"top\" data-title=\"Facebook\" data-toggle=\"tooltip\" title=\"Facebook\" aria-label=\"facebook\" target=\"_blank\" rel=\"noopener noreferrer\" href=\"https:\/\/www.facebook.com\/ibecbarcelona\"><\/a><a class=\"fusion-social-network-icon fusion-tooltip fusion-linkedin awb-icon-linkedin\" style=\"color:#aab300;font-size:16px;width:16px;background-color:#ffffff;border-color:#ffffff;border-radius:50%;\" data-placement=\"top\" data-title=\"LinkedIn\" data-toggle=\"tooltip\" title=\"LinkedIn\" aria-label=\"linkedin\" target=\"_blank\" rel=\"noopener noreferrer\" href=\"https:\/\/www.linkedin.com\/company\/ibecbarcelona\"><\/a><\/div><\/div><\/div><div class=\"fusion-separator fusion-full-width-sep\" style=\"align-self: center;margin-left: auto;margin-right: auto;margin-top:15px;margin-bottom:10px;width:100%;\"><\/div><\/div><\/div><\/div><\/div><\/p>\n","protected":false},"excerpt":{"rendered":"","protected":false},"author":4,"featured_media":4369,"parent":0,"menu_order":0,"comment_status":"closed","ping_status":"closed","template":"100-width.php","meta":{"give_campaign_id":0,"footnotes":""},"class_list":["post-4428","page","type-page","status-publish","has-post-thumbnail","hentry"],"campaignId":"","_links":{"self":[{"href":"https:\/\/ibecbarcelona.org\/ca\/wp-json\/wp\/v2\/pages\/4428","targetHints":{"allow":["GET"]}}],"collection":[{"href":"https:\/\/ibecbarcelona.org\/ca\/wp-json\/wp\/v2\/pages"}],"about":[{"href":"https:\/\/ibecbarcelona.org\/ca\/wp-json\/wp\/v2\/types\/page"}],"author":[{"embeddable":true,"href":"https:\/\/ibecbarcelona.org\/ca\/wp-json\/wp\/v2\/users\/4"}],"replies":[{"embeddable":true,"href":"https:\/\/ibecbarcelona.org\/ca\/wp-json\/wp\/v2\/comments?post=4428"}],"version-history":[{"count":7,"href":"https:\/\/ibecbarcelona.org\/ca\/wp-json\/wp\/v2\/pages\/4428\/revisions"}],"predecessor-version":[{"id":5025,"href":"https:\/\/ibecbarcelona.org\/ca\/wp-json\/wp\/v2\/pages\/4428\/revisions\/5025"}],"wp:featuredmedia":[{"embeddable":true,"href":"https:\/\/ibecbarcelona.org\/ca\/wp-json\/wp\/v2\/media\/4369"}],"wp:attachment":[{"href":"https:\/\/ibecbarcelona.org\/ca\/wp-json\/wp\/v2\/media?parent=4428"}],"curies":[{"name":"wp","href":"https:\/\/api.w.org\/{rel}","templated":true}]}}